{"id":16643,"date":"2015-09-30T13:59:38","date_gmt":"2015-09-30T11:59:38","guid":{"rendered":"https:\/\/www.hotelnido.com\/?page_id=16643"},"modified":"2023-07-20T13:20:26","modified_gmt":"2023-07-20T11:20:26","slug":"la-plage","status":"publish","type":"page","link":"https:\/\/www.hotelnido.com\/fr\/la-plage\/","title":{"rendered":"LA PLAGE"},"content":{"rendered":"<div class=\"wpb-content-wrapper\"><p>[vc_row row_type=\u00a0\u00bbrow\u00a0\u00bb use_row_as_full_screen_section=\u00a0\u00bbno\u00a0\u00bb type=\u00a0\u00bbfull_width\u00a0\u00bb parallax_content_width=\u00a0\u00bbin_grid\u00a0\u00bb angled_section=\u00a0\u00bbno\u00a0\u00bb angled_section_position=\u00a0\u00bbboth\u00a0\u00bb angled_section_direction=\u00a0\u00bbfrom_left_to_right\u00a0\u00bb text_align=\u00a0\u00bbleft\u00a0\u00bb background_image_as_pattern=\u00a0\u00bbwithout_pattern\u00a0\u00bb row_negative_margin=\u00a0\u00bb\u00a0\u00bb padding_top=\u00a0\u00bb54&Prime;][vc_column width=\u00a0\u00bb1\/1&Prime;][vc_column_text]<\/p>\n<h2 style=\"text-align: center;\">LA PLAGE<\/h2>\n<p>[\/vc_column_text][vc_separator type=\u00a0\u00bbsmall\u00a0\u00bb position=\u00a0\u00bbcenter\u00a0\u00bb width_in_percentages=\u00a0\u00bb\u00a0\u00bb up=\u00a0\u00bb20&Prime; down=\u00a0\u00bb20&Prime;][vc_column_text]<\/p>\n<p style=\"text-align: center;\">En descendant un perron on acc\u00e8de \u00e0 la gracieuse plage priv\u00e9e exclusivement \u00e9quip\u00e9e pour nos hotes, depuis <strong>Juin<\/strong>\u00a0jusqu&rsquo;\u00e0 la fin de <strong>Septembre<\/strong>.<\/p>\n<p>[\/vc_column_text][\/vc_column][\/vc_row][vc_row row_type=\u00a0\u00bbrow\u00a0\u00bb type=\u00a0\u00bbgrid\u00a0\u00bb text_align=\u00a0\u00bbleft\u00a0\u00bb padding_top=\u00a0\u00bb90&Prime; padding_bottom=\u00a0\u00bb90&Prime; anchor=\u00a0\u00bbportfolio\u00a0\u00bb content_menu_title=\u00a0\u00bbPortfolio List\u00a0\u00bb content_menu_icon=\u00a0\u00bbfa-list\u00a0\u00bb background_color=\u00a0\u00bb#ffffff\u00a0\u00bb use_row_as_full_screen_section=\u00a0\u00bbno\u00a0\u00bb parallax_content_width=\u00a0\u00bbin_grid\u00a0\u00bb angled_section=\u00a0\u00bbno\u00a0\u00bb angled_section_position=\u00a0\u00bbboth\u00a0\u00bb angled_section_direction=\u00a0\u00bbfrom_left_to_right\u00a0\u00bb background_image_as_pattern=\u00a0\u00bbwithout_pattern\u00a0\u00bb row_negative_margin=\u00a0\u00bb\u00a0\u00bb][vc_column width=\u00a0\u00bb1\/2&Prime;][vc_single_image image=\u00a0\u00bb16269&Prime; alignment=\u00a0\u00bbcenter\u00a0\u00bb border_color=\u00a0\u00bbgrey\u00a0\u00bb img_link_target=\u00a0\u00bb_self\u00a0\u00bb qode_css_animation=\u00a0\u00bbelement_from_left\u00a0\u00bb transition_delay=\u00a0\u00bb0.2&Prime; img_size=\u00a0\u00bbfull\u00a0\u00bb img_link_large=\u00a0\u00bb\u00a0\u00bb][\/vc_column][vc_column width=\u00a0\u00bb1\/2&Prime;][vc_separator type=\u00a0\u00bbtransparent\u00a0\u00bb position=\u00a0\u00bbcenter\u00a0\u00bb up=\u00a0\u00bb60&Prime; down=\u00a0\u00bb0&Prime;][vc_column_text]<\/p>\n<h5 style=\"text-align: left;\">La plage<\/h5>\n<p>[\/vc_column_text][vc_separator type=\u00a0\u00bbsmall\u00a0\u00bb position=\u00a0\u00bbleft\u00a0\u00bb down=\u00a0\u00bb10&Prime; up=\u00a0\u00bb22&Prime; width_in_percentages=\u00a0\u00bb\u00a0\u00bb][vc_column_text]<\/p>\n<p>Une magnifique plage cach\u00e9e entre les rochers vous accueille avec une explosion de couleurs et parfums, le violet et le rouge des fleurs, le bleu de la mer et le bleu claire du ciel.<\/p>\n<p>[\/vc_column_text][vc_separator type=\u00a0\u00bbtransparent\u00a0\u00bb position=\u00a0\u00bbcenter\u00a0\u00bb down=\u00a0\u00bb16&Prime; up=\u00a0\u00bb5&Prime;][\/vc_column][\/vc_row][vc_row row_type=\u00a0\u00bbrow\u00a0\u00bb type=\u00a0\u00bbgrid\u00a0\u00bb text_align=\u00a0\u00bbleft\u00a0\u00bb padding_top=\u00a0\u00bb90&Prime; padding_bottom=\u00a0\u00bb90&Prime; anchor=\u00a0\u00bbportfolio\u00a0\u00bb content_menu_title=\u00a0\u00bbPortfolio List\u00a0\u00bb content_menu_icon=\u00a0\u00bbfa-list\u00a0\u00bb background_color=\u00a0\u00bb#f1f1f1&Prime; use_row_as_full_screen_section=\u00a0\u00bbno\u00a0\u00bb parallax_content_width=\u00a0\u00bbin_grid\u00a0\u00bb angled_section=\u00a0\u00bbno\u00a0\u00bb angled_section_position=\u00a0\u00bbboth\u00a0\u00bb angled_section_direction=\u00a0\u00bbfrom_left_to_right\u00a0\u00bb background_image_as_pattern=\u00a0\u00bbwithout_pattern\u00a0\u00bb row_negative_margin=\u00a0\u00bb\u00a0\u00bb][vc_column width=\u00a0\u00bb1\/2&Prime;][vc_separator type=\u00a0\u00bbtransparent\u00a0\u00bb position=\u00a0\u00bbcenter\u00a0\u00bb up=\u00a0\u00bb60&Prime; down=\u00a0\u00bb0&Prime;][vc_column_text]Sur la plage et sur les terrasses du solarium vous pourrez jouir du soleil\u00a0 assis confortablement\u00a0sur la chaise longue de plage ou sur un petit lit de plage fournit compl\u00e8tement gratuit par l&rsquo;hotel.<br \/>\nPlong\u00e9 dans un milieu naturel en pratiquant la natation ou le snorkeling vous pourrez\u00a0visiter\u00a0 les fonds ou les anses qui nous entourent.<br \/>\nPour ceux qui aiment l&rsquo;aventure l&rsquo;h\u00f4tel met \u00e0 disposition gratuitement des cano\u00ebs\u00a0pour profiter de la mer et de ces merveilles.[\/vc_column_text][vc_separator type=\u00a0\u00bbtransparent\u00a0\u00bb position=\u00a0\u00bbcenter\u00a0\u00bb down=\u00a0\u00bb16&Prime; up=\u00a0\u00bb5&Prime;][\/vc_column][vc_column width=\u00a0\u00bb1\/2&Prime;][vc_single_image image=\u00a0\u00bb16272&Prime; alignment=\u00a0\u00bbcenter\u00a0\u00bb border_color=\u00a0\u00bbgrey\u00a0\u00bb img_link_target=\u00a0\u00bb_self\u00a0\u00bb qode_css_animation=\u00a0\u00bbelement_from_left\u00a0\u00bb transition_delay=\u00a0\u00bb0.2&Prime; img_size=\u00a0\u00bbfull\u00a0\u00bb img_link_large=\u00a0\u00bb\u00a0\u00bb][\/vc_column][\/vc_row][vc_row row_type=\u00a0\u00bbrow\u00a0\u00bb use_row_as_full_screen_section=\u00a0\u00bbno\u00a0\u00bb type=\u00a0\u00bbgrid\u00a0\u00bb header_style=\u00a0\u00bb\u00a0\u00bb parallax_content_width=\u00a0\u00bbin_grid\u00a0\u00bb anchor=\u00a0\u00bbportfolio\u00a0\u00bb in_content_menu=\u00a0\u00bb\u00a0\u00bb content_menu_title=\u00a0\u00bbPortfolio List\u00a0\u00bb content_menu_icon=\u00a0\u00bbfa-list\u00a0\u00bb angled_section=\u00a0\u00bbno\u00a0\u00bb angled_section_position=\u00a0\u00bbboth\u00a0\u00bb angled_section_direction=\u00a0\u00bbfrom_left_to_right\u00a0\u00bb text_align=\u00a0\u00bbleft\u00a0\u00bb video=\u00a0\u00bb\u00a0\u00bb video_overlay=\u00a0\u00bb\u00a0\u00bb video_overlay_image=\u00a0\u00bb\u00a0\u00bb video_webm=\u00a0\u00bb\u00a0\u00bb video_mp4=\u00a0\u00bb\u00a0\u00bb video_ogv=\u00a0\u00bb\u00a0\u00bb video_image=\u00a0\u00bb\u00a0\u00bb background_image=\u00a0\u00bb\u00a0\u00bb background_image_as_pattern=\u00a0\u00bbwithout_pattern\u00a0\u00bb section_height=\u00a0\u00bb\u00a0\u00bb parallax_speed=\u00a0\u00bb\u00a0\u00bb background_color=\u00a0\u00bb#ffffff\u00a0\u00bb border_color=\u00a0\u00bb\u00a0\u00bb row_negative_margin=\u00a0\u00bb\u00a0\u00bb side_padding=\u00a0\u00bb\u00a0\u00bb parallax_side_padding=\u00a0\u00bb\u00a0\u00bb padding_top=\u00a0\u00bb90&Prime; padding_bottom=\u00a0\u00bb90&Prime; color=\u00a0\u00bb\u00a0\u00bb hover_color=\u00a0\u00bb\u00a0\u00bb more_button_label=\u00a0\u00bb\u00a0\u00bb less_button_label=\u00a0\u00bb\u00a0\u00bb button_position=\u00a0\u00bb\u00a0\u00bb css_animation=\u00a0\u00bb\u00a0\u00bb transition_delay=\u00a0\u00bb\u00a0\u00bb el_id=\u00a0\u00bb\u00a0\u00bb][vc_column width=\u00a0\u00bb1\/2&Prime;][vc_single_image image=\u00a0\u00bb15977&Prime; alignment=\u00a0\u00bbcenter\u00a0\u00bb border_color=\u00a0\u00bbgrey\u00a0\u00bb img_link_large=\u00a0\u00bb\u00a0\u00bb img_link_target=\u00a0\u00bb_self\u00a0\u00bb qode_css_animation=\u00a0\u00bbelement_from_left\u00a0\u00bb transition_delay=\u00a0\u00bb0.2&Prime; img_size=\u00a0\u00bbfull\u00a0\u00bb][\/vc_column][vc_column width=\u00a0\u00bb1\/2&Prime;][vc_separator type=\u00a0\u00bbtransparent\u00a0\u00bb position=\u00a0\u00bbcenter\u00a0\u00bb color=\u00a0\u00bb\u00a0\u00bb transparency=\u00a0\u00bb\u00a0\u00bb thickness=\u00a0\u00bb\u00a0\u00bb width=\u00a0\u00bb\u00a0\u00bb width_in_percentages=\u00a0\u00bb\u00a0\u00bb up=\u00a0\u00bb60&Prime; down=\u00a0\u00bb0&Prime;][vc_column_text]<\/p>\n<h5 style=\"text-align: left;\">Beach bar<\/h5>\n<p>[\/vc_column_text][vc_separator type=\u00a0\u00bbsmall\u00a0\u00bb position=\u00a0\u00bbleft\u00a0\u00bb color=\u00a0\u00bb\u00a0\u00bb transparency=\u00a0\u00bb\u00a0\u00bb thickness=\u00a0\u00bb\u00a0\u00bb width=\u00a0\u00bb\u00a0\u00bb width_in_percentages=\u00a0\u00bb\u00a0\u00bb up=\u00a0\u00bb22&Prime; down=\u00a0\u00bb10&Prime;][vc_column_text]<\/p>\n<p>A\u00a0disposition de nos h\u00f4tes au-dessus de la plage priv\u00e9 vous trouverez\u00a0 notre beah bar couvert\u00a0par un toit de tonnelle et avec vue sur notre splendide baie o\u00f9 il est possible de savourer\u00a0diff\u00e9rents types de salades fraiches, focacce(pain assaisonn\u00e9 d&rsquo;huile et de sel)farcie, drink,\u00a0boissons fraiches, snakes rapides et pleins d&rsquo;autres choses.<\/p>\n<p>[\/vc_column_text][vc_separator type=\u00a0\u00bbtransparent\u00a0\u00bb position=\u00a0\u00bbcenter\u00a0\u00bb color=\u00a0\u00bb\u00a0\u00bb transparency=\u00a0\u00bb\u00a0\u00bb thickness=\u00a0\u00bb\u00a0\u00bb width=\u00a0\u00bb\u00a0\u00bb width_in_percentages=\u00a0\u00bb\u00a0\u00bb up=\u00a0\u00bb5&Prime; down=\u00a0\u00bb16&Prime;][\/vc_column][\/vc_row][vc_row row_type=\u00a0\u00bbrow\u00a0\u00bb use_row_as_full_screen_section=\u00a0\u00bbno\u00a0\u00bb type=\u00a0\u00bbfull_width\u00a0\u00bb header_style=\u00a0\u00bb\u00a0\u00bb parallax_content_width=\u00a0\u00bbin_grid\u00a0\u00bb anchor=\u00a0\u00bb\u00a0\u00bb in_content_menu=\u00a0\u00bb\u00a0\u00bb content_menu_title=\u00a0\u00bb\u00a0\u00bb content_menu_icon=\u00a0\u00bb\u00a0\u00bb angled_section=\u00a0\u00bbno\u00a0\u00bb angled_section_position=\u00a0\u00bbboth\u00a0\u00bb angled_section_direction=\u00a0\u00bbfrom_left_to_right\u00a0\u00bb text_align=\u00a0\u00bbleft\u00a0\u00bb video=\u00a0\u00bb\u00a0\u00bb video_overlay=\u00a0\u00bb\u00a0\u00bb video_overlay_image=\u00a0\u00bb\u00a0\u00bb video_webm=\u00a0\u00bb\u00a0\u00bb video_mp4=\u00a0\u00bb\u00a0\u00bb video_ogv=\u00a0\u00bb\u00a0\u00bb video_image=\u00a0\u00bb\u00a0\u00bb background_image=\u00a0\u00bb\u00a0\u00bb background_image_as_pattern=\u00a0\u00bbwithout_pattern\u00a0\u00bb section_height=\u00a0\u00bb\u00a0\u00bb parallax_speed=\u00a0\u00bb\u00a0\u00bb background_color=\u00a0\u00bb\u00a0\u00bb border_color=\u00a0\u00bb\u00a0\u00bb row_negative_margin=\u00a0\u00bb\u00a0\u00bb side_padding=\u00a0\u00bb\u00a0\u00bb parallax_side_padding=\u00a0\u00bb\u00a0\u00bb padding_top=\u00a0\u00bb\u00a0\u00bb padding_bottom=\u00a0\u00bb\u00a0\u00bb color=\u00a0\u00bb\u00a0\u00bb hover_color=\u00a0\u00bb\u00a0\u00bb more_button_label=\u00a0\u00bb\u00a0\u00bb less_button_label=\u00a0\u00bb\u00a0\u00bb button_position=\u00a0\u00bb\u00a0\u00bb css_animation=\u00a0\u00bb\u00a0\u00bb transition_delay=\u00a0\u00bb\u00a0\u00bb][vc_column width=\u00a0\u00bb1\/1&Prime;][vc_gallery type=\u00a0\u00bbimage_grid\u00a0\u00bb interval=\u00a0\u00bb3&Prime; images=\u00a0\u00bb17990,17986,17982,17994,18002,18006,17998,18026,16413,16414,16411,16412&Prime; onclick=\u00a0\u00bblink_image\u00a0\u00bb custom_links_target=\u00a0\u00bb_self\u00a0\u00bb column_number=\u00a0\u00bb4&Prime; grayscale=\u00a0\u00bbno\u00a0\u00bb choose_frame=\u00a0\u00bbdefault\u00a0\u00bb images_space=\u00a0\u00bbgallery_without_space\u00a0\u00bb img_size=\u00a0\u00bbfull\u00a0\u00bb][\/vc_column][\/vc_row]<\/p>\n<\/div>","protected":false},"excerpt":{"rendered":"<p>[vc_row row_type=\u00a0\u00bbrow\u00a0\u00bb use_row_as_full_screen_section=\u00a0\u00bbno\u00a0\u00bb type=\u00a0\u00bbfull_width\u00a0\u00bb parallax_content_width=\u00a0\u00bbin_grid\u00a0\u00bb angled_section=\u00a0\u00bbno\u00a0\u00bb angled_section_position=\u00a0\u00bbboth\u00a0\u00bb angled_section_direction=\u00a0\u00bbfrom_left_to_right\u00a0\u00bb text_align=\u00a0\u00bbleft\u00a0\u00bb background_image_as_pattern=\u00a0\u00bbwithout_pattern\u00a0\u00bb row_negative_margin=\u00a0\u00bb\u00a0\u00bb padding_top=\u00a0\u00bb54&Prime;][vc_column width=\u00a0\u00bb1\/1&Prime;][vc_column_text] LA PLAGE [\/vc_column_text][vc_separator type=\u00a0\u00bbsmall\u00a0\u00bb position=\u00a0\u00bbcenter\u00a0\u00bb width_in_percentages=\u00a0\u00bb\u00a0\u00bb up=\u00a0\u00bb20&Prime; down=\u00a0\u00bb20&Prime;][vc_column_text] En descendant un perron on acc\u00e8de \u00e0 la gracieuse plage priv\u00e9e exclusivement \u00e9quip\u00e9e pour nos hotes, depuis Juin\u00a0jusqu&rsquo;\u00e0 la fin de Septembre. [\/vc_column_text][\/vc_column][\/vc_row][vc_row row_type=\u00a0\u00bbrow\u00a0\u00bb&#8230;<\/p>\n","protected":false},"author":1,"featured_media":0,"parent":0,"menu_order":0,"comment_status":"open","ping_status":"closed","template":"full_width.php","meta":{"_exactmetrics_skip_tracking":false,"_exactmetrics_sitenote_active":false,"_exactmetrics_sitenote_note":"","_exactmetrics_sitenote_category":0},"_links":{"self":[{"href":"https:\/\/www.hotelnido.com\/fr\/wp-json\/wp\/v2\/pages\/16643"}],"collection":[{"href":"https:\/\/www.hotelnido.com\/fr\/wp-json\/wp\/v2\/pages"}],"about":[{"href":"https:\/\/www.hotelnido.com\/fr\/wp-json\/wp\/v2\/types\/page"}],"author":[{"embeddable":true,"href":"https:\/\/www.hotelnido.com\/fr\/wp-json\/wp\/v2\/users\/1"}],"replies":[{"embeddable":true,"href":"https:\/\/www.hotelnido.com\/fr\/wp-json\/wp\/v2\/comments?post=16643"}],"version-history":[{"count":2,"href":"https:\/\/www.hotelnido.com\/fr\/wp-json\/wp\/v2\/pages\/16643\/revisions"}],"predecessor-version":[{"id":18270,"href":"https:\/\/www.hotelnido.com\/fr\/wp-json\/wp\/v2\/pages\/16643\/revisions\/18270"}],"wp:attachment":[{"href":"https:\/\/www.hotelnido.com\/fr\/wp-json\/wp\/v2\/media?parent=16643"}],"curies":[{"name":"wp","href":"https:\/\/api.w.org\/{rel}","templated":true}]}}