{"id":16644,"date":"2015-09-30T14:58:24","date_gmt":"2015-09-30T12:58:24","guid":{"rendered":"https:\/\/www.hotelnido.com\/?page_id=16644"},"modified":"2023-07-20T13:16:04","modified_gmt":"2023-07-20T11:16:04","slug":"services","status":"publish","type":"page","link":"https:\/\/www.hotelnido.com\/fr\/services\/","title":{"rendered":"SERVICES"},"content":{"rendered":"<div class=\"wpb-content-wrapper\"><p>[vc_row padding_top=\u00a0\u00bb54&Prime;][vc_column][vc_column_text]<\/p>\n<h2 style=\"text-align: center;\">SERVICES<\/h2>\n<p>[\/vc_column_text][vc_separator type=\u00a0\u00bbsmall\u00a0\u00bb up=\u00a0\u00bb20&Prime; down=\u00a0\u00bb20&Prime;][vc_column_text]<\/p>\n<p style=\"text-align: center;\">L&rsquo;<strong>Hotel Il Nido<\/strong> offre ai propri <strong>Ospiti<\/strong> un <strong>ambiente<\/strong> accogliente, tipico <strong>ligure<\/strong>,<br \/>\narricchito da <strong>comfort<\/strong> e <strong>servizi<\/strong> che ne fanno uno dei pi\u00f9 apprezzati Hotel del <strong>Golfo dei Poeti<\/strong>,\u00a0tutto <strong>incorniciato<\/strong> dall&rsquo;affaccio <strong>spettacolare<\/strong> sul <strong>mare<\/strong>.<\/p>\n<p>[\/vc_column_text][\/vc_column][\/vc_row][vc_row type=\u00a0\u00bbgrid\u00a0\u00bb anchor=\u00a0\u00bbportfolio\u00a0\u00bb background_color=\u00a0\u00bb#ffffff\u00a0\u00bb padding_top=\u00a0\u00bb90&Prime; padding_bottom=\u00a0\u00bb90&Prime;][vc_column width=\u00a0\u00bb1\/2&Prime;][vc_single_image image=\u00a0\u00bb16273&Prime; img_size=\u00a0\u00bbfull\u00a0\u00bb alignment=\u00a0\u00bbcenter\u00a0\u00bb qode_css_animation=\u00a0\u00bbelement_from_left\u00a0\u00bb transition_delay=\u00a0\u00bb0.2&Prime;][\/vc_column][vc_column width=\u00a0\u00bb1\/2&Prime;][vc_separator type=\u00a0\u00bbtransparent\u00a0\u00bb up=\u00a0\u00bb60&Prime; down=\u00a0\u00bb0&Prime;][vc_column_text]<\/p>\n<h5>PARKING<\/h5>\n<p>[\/vc_column_text][vc_separator type=\u00a0\u00bbsmall\u00a0\u00bb position=\u00a0\u00bbleft\u00a0\u00bb up=\u00a0\u00bb22&Prime; down=\u00a0\u00bb10&Prime;][vc_column_text]GRATUIT! Parking \u00e0 l&rsquo;ext\u00e9rieur sans r\u00e9servation.[\/vc_column_text][vc_separator type=\u00a0\u00bbtransparent\u00a0\u00bb up=\u00a0\u00bb5&Prime; down=\u00a0\u00bb16&Prime;][\/vc_column][\/vc_row][vc_row type=\u00a0\u00bbgrid\u00a0\u00bb anchor=\u00a0\u00bbportfolio\u00a0\u00bb background_color=\u00a0\u00bb#f1f1f1&Prime; padding_top=\u00a0\u00bb90&Prime; padding_bottom=\u00a0\u00bb0&Prime;][vc_column width=\u00a0\u00bb1\/2&Prime;][vc_separator type=\u00a0\u00bbtransparent\u00a0\u00bb up=\u00a0\u00bb60&Prime; down=\u00a0\u00bb0&Prime;][vc_column_text]<\/p>\n<h5>SERVICES<\/h5>\n<p>[\/vc_column_text][vc_separator type=\u00a0\u00bbsmall\u00a0\u00bb position=\u00a0\u00bbleft\u00a0\u00bb up=\u00a0\u00bb22&Prime; down=\u00a0\u00bb10&Prime;][vc_column_text]GRATUIT! Wi-Fi gratuit dans tout l&rsquo;\u00e9tablissement.<br \/>\n\u2022 Service en chambre<br \/>\n\u2022 R\u00e9ception ouverte 24h\/24<br \/>\n\u2022 Service de concierge<br \/>\n\u2022 Service de babysitter<br \/>\n[\/vc_column_text][vc_separator type=\u00a0\u00bbtransparent\u00a0\u00bb up=\u00a0\u00bb5&Prime; down=\u00a0\u00bb16&Prime;][\/vc_column][vc_column width=\u00a0\u00bb1\/2&Prime;][vc_single_image image=\u00a0\u00bb16409&Prime; img_size=\u00a0\u00bbfull\u00a0\u00bb alignment=\u00a0\u00bbcenter\u00a0\u00bb qode_css_animation=\u00a0\u00bbelement_from_right\u00a0\u00bb transition_delay=\u00a0\u00bb0.4&Prime;][vc_separator type=\u00a0\u00bbtransparent\u00a0\u00bb up=\u00a0\u00bb89&Prime; down=\u00a0\u00bb0&Prime;][\/vc_column][\/vc_row][vc_row type=\u00a0\u00bbgrid\u00a0\u00bb anchor=\u00a0\u00bbportfolio\u00a0\u00bb background_color=\u00a0\u00bb#ffffff\u00a0\u00bb padding_top=\u00a0\u00bb90&Prime; padding_bottom=\u00a0\u00bb90&Prime;][vc_column width=\u00a0\u00bb1\/2&Prime;][vc_single_image image=\u00a0\u00bb16270&Prime; img_size=\u00a0\u00bbfull\u00a0\u00bb alignment=\u00a0\u00bbcenter\u00a0\u00bb qode_css_animation=\u00a0\u00bbelement_from_left\u00a0\u00bb transition_delay=\u00a0\u00bb0.2&Prime;][\/vc_column][vc_column width=\u00a0\u00bb1\/2&Prime;][vc_separator type=\u00a0\u00bbtransparent\u00a0\u00bb up=\u00a0\u00bb60&Prime; down=\u00a0\u00bb0&Prime;][vc_column_text]\u2022 Blanchisserie<br \/>\n\u2022 Service de repassage<br \/>\n\u2022 Fax\/photocopies<br \/>\n\u2022 Coffre-fort<br \/>\n\u2022 Chambres non-fumeurs<br \/>\n\u2022 Disponibilit\u00e9 de chambres famili\u00e8res<br \/>\n\u2022 Chauffage<br \/>\n\u2022 Etablissement enti\u00e8rement non-fumeurs<br \/>\n\u2022 Climatisation[\/vc_column_text][vc_separator type=\u00a0\u00bbtransparent\u00a0\u00bb up=\u00a0\u00bb5&Prime; down=\u00a0\u00bb16&Prime;][\/vc_column][\/vc_row][vc_row type=\u00a0\u00bbgrid\u00a0\u00bb anchor=\u00a0\u00bbportfolio\u00a0\u00bb background_color=\u00a0\u00bb#f1f1f1&Prime; padding_top=\u00a0\u00bb90&Prime; padding_bottom=\u00a0\u00bb0&Prime;][vc_column width=\u00a0\u00bb1\/2&Prime;][vc_separator type=\u00a0\u00bbtransparent\u00a0\u00bb up=\u00a0\u00bb60&Prime; down=\u00a0\u00bb0&Prime;][vc_column_text]<\/p>\n<h5>ENFANTS<\/h5>\n<p>[\/vc_column_text][vc_separator type=\u00a0\u00bbsmall\u00a0\u00bb position=\u00a0\u00bbleft\u00a0\u00bb up=\u00a0\u00bb22&Prime; down=\u00a0\u00bb10&Prime;][vc_column_text]Les plus petits sont les bienvenue.<\/p>\n<p>Les enfants d&rsquo;ages inf\u00e9rieur \u00e0 2 ans ne paient pas! GRATUIT! (s&rsquo;ils dorment dans les lits pr\u00e9sents).<\/p>\n<p>Les enfants d&rsquo;ages inf\u00e9rieur \u00e0 4 ans paient 10 euros par jours (en dorment dans un petit lit ou un berceau).<br \/>\nLe num\u00e9ro autoris\u00e9 de berceux est 1.<\/p>\n<p>Les suppl\u00e9ments ne sont pas inclus dans le montant total mais doivent \u00eatre pay\u00e9s s\u00e9par\u00e9ment\u00a0pendant le s\u00e9jour.[\/vc_column_text][vc_separator type=\u00a0\u00bbtransparent\u00a0\u00bb up=\u00a0\u00bb5&Prime; down=\u00a0\u00bb16&Prime;][\/vc_column][vc_column width=\u00a0\u00bb1\/2&Prime;][vc_single_image image=\u00a0\u00bb16275&Prime; img_size=\u00a0\u00bbfull\u00a0\u00bb alignment=\u00a0\u00bbcenter\u00a0\u00bb qode_css_animation=\u00a0\u00bbelement_from_right\u00a0\u00bb transition_delay=\u00a0\u00bb0.4&Prime;][vc_separator type=\u00a0\u00bbtransparent\u00a0\u00bb up=\u00a0\u00bb89&Prime; down=\u00a0\u00bb0&Prime;][\/vc_column][\/vc_row][vc_row type=\u00a0\u00bbgrid\u00a0\u00bb anchor=\u00a0\u00bbportfolio\u00a0\u00bb background_color=\u00a0\u00bb#ffffff\u00a0\u00bb padding_top=\u00a0\u00bb90&Prime; padding_bottom=\u00a0\u00bb90&Prime;][vc_column width=\u00a0\u00bb1\/2&Prime;][vc_single_image image=\u00a0\u00bb16272&Prime; img_size=\u00a0\u00bbfull\u00a0\u00bb alignment=\u00a0\u00bbcenter\u00a0\u00bb qode_css_animation=\u00a0\u00bbelement_from_left\u00a0\u00bb transition_delay=\u00a0\u00bb0.2&Prime;][\/vc_column][vc_column width=\u00a0\u00bb1\/2&Prime;][vc_separator type=\u00a0\u00bbtransparent\u00a0\u00bb up=\u00a0\u00bb60&Prime; down=\u00a0\u00bb0&Prime;][vc_column_text]<\/p>\n<h5>LA VIE \u00c0 LA PLAGE<\/h5>\n<p>[\/vc_column_text][vc_separator type=\u00a0\u00bbsmall\u00a0\u00bb position=\u00a0\u00bbleft\u00a0\u00bb up=\u00a0\u00bb22&Prime; down=\u00a0\u00bb10&Prime;][vc_column_text]Tout les services de la plage et du solarium sont gratuit et\u00a0 r\u00e9s\u00e9rv\u00e9s a nos h\u00f4tes.<\/p>\n<p>\u2022 Cabines(de bains) pour se changer<br \/>\n\u2022 Chaise longue de plage, transat et parasol<br \/>\n\u2022 Serviette de plage (avant l&rsquo;usage laisser une caution de 28 euros)<br \/>\n\u2022 Cano\u00ebs[\/vc_column_text][vc_separator type=\u00a0\u00bbtransparent\u00a0\u00bb up=\u00a0\u00bb5&Prime; down=\u00a0\u00bb16&Prime;][\/vc_column][\/vc_row][vc_row type=\u00a0\u00bbgrid\u00a0\u00bb anchor=\u00a0\u00bbportfolio\u00a0\u00bb background_color=\u00a0\u00bb#f1f1f1&Prime; padding_top=\u00a0\u00bb90&Prime; padding_bottom=\u00a0\u00bb0&Prime;][vc_column width=\u00a0\u00bb1\/2&Prime;][vc_separator type=\u00a0\u00bbtransparent\u00a0\u00bb up=\u00a0\u00bb60&Prime; down=\u00a0\u00bb0&Prime;][vc_column_text]<\/p>\n<h5>EXCURSIONS<\/h5>\n<p>[\/vc_column_text][vc_separator type=\u00a0\u00bbsmall\u00a0\u00bb position=\u00a0\u00bbleft\u00a0\u00bb up=\u00a0\u00bb22&Prime; down=\u00a0\u00bb10&Prime;][vc_column_text]\u2022 Excursions journali\u00e8res en <a href=\"http:\/\/www.mediterraneasailing.it\" target=\"_blank\" rel=\"noopener\">bateau \u00e0 voiles<\/a><br \/>\n\u2022 Trekking au <a href=\"http:\/\/www.parks.it\/parco.montemarcello.magra\/iti.php\" target=\"_blank\" rel=\"noopener\">Monte Marcello<\/a>,\u00a0<a href=\"http:\/\/www.parconazionale5terre.it\" target=\"_blank\" rel=\"noopener\">Cinque\u00a0Terre<br \/>\n<\/a>\u2022 <a href=\"http:\/\/www.navigazionegolfodeipoeti.it\" target=\"_blank\" rel=\"noopener\">Ferry-boat<\/a> pour le \u00ab\u00a0Golfo dei Poeti, Portovenere et Cinque Terre<br \/>\n\u2022 Des tours \u00e0 la <a href=\"http:\/\/www.grottadelvento.com\" target=\"_blank\" rel=\"noopener\">grotte du vent<\/a>.<\/p>\n<p>Toute l&rsquo;\u00e9quipe de l&rsquo;hotel est \u00e0 disposition pour vous fournir toute les informations\u00a0nec\u00e9ssaires pour organiser vos journ\u00e9es.[\/vc_column_text][vc_separator type=\u00a0\u00bbtransparent\u00a0\u00bb up=\u00a0\u00bb5&Prime; down=\u00a0\u00bb16&Prime;][\/vc_column][vc_column width=\u00a0\u00bb1\/2&Prime;][vc_single_image image=\u00a0\u00bb16268&Prime; img_size=\u00a0\u00bbfull\u00a0\u00bb alignment=\u00a0\u00bbcenter\u00a0\u00bb qode_css_animation=\u00a0\u00bbelement_from_right\u00a0\u00bb transition_delay=\u00a0\u00bb0.4&Prime;][vc_separator type=\u00a0\u00bbtransparent\u00a0\u00bb up=\u00a0\u00bb89&Prime; down=\u00a0\u00bb0&Prime;][\/vc_column][\/vc_row][vc_row][vc_column][vc_gallery type=\u00a0\u00bbimage_grid\u00a0\u00bb images=\u00a0\u00bb17975,16268,16267,16265&Prime; img_size=\u00a0\u00bbfull\u00a0\u00bb column_number=\u00a0\u00bb4&Prime;][\/vc_column][\/vc_row]<\/p>\n<\/div>","protected":false},"excerpt":{"rendered":"<p>[vc_row padding_top=\u00a0\u00bb54&Prime;][vc_column][vc_column_text] SERVICES [\/vc_column_text][vc_separator type=\u00a0\u00bbsmall\u00a0\u00bb up=\u00a0\u00bb20&Prime; down=\u00a0\u00bb20&Prime;][vc_column_text] L&rsquo;Hotel Il Nido offre ai propri Ospiti un ambiente accogliente, tipico ligure, arricchito da comfort e servizi che ne fanno uno dei pi\u00f9 apprezzati Hotel del Golfo dei Poeti,\u00a0tutto incorniciato dall&rsquo;affaccio spettacolare sul mare. [\/vc_column_text][\/vc_column][\/vc_row][vc_row type=\u00a0\u00bbgrid\u00a0\u00bb anchor=\u00a0\u00bbportfolio\u00a0\u00bb background_color=\u00a0\u00bb#ffffff\u00a0\u00bb&#8230;<\/p>\n","protected":false},"author":1,"featured_media":0,"parent":0,"menu_order":0,"comment_status":"open","ping_status":"open","template":"full_width.php","meta":{"_exactmetrics_skip_tracking":false,"_exactmetrics_sitenote_active":false,"_exactmetrics_sitenote_note":"","_exactmetrics_sitenote_category":0},"_links":{"self":[{"href":"https:\/\/www.hotelnido.com\/fr\/wp-json\/wp\/v2\/pages\/16644"}],"collection":[{"href":"https:\/\/www.hotelnido.com\/fr\/wp-json\/wp\/v2\/pages"}],"about":[{"href":"https:\/\/www.hotelnido.com\/fr\/wp-json\/wp\/v2\/types\/page"}],"author":[{"embeddable":true,"href":"https:\/\/www.hotelnido.com\/fr\/wp-json\/wp\/v2\/users\/1"}],"replies":[{"embeddable":true,"href":"https:\/\/www.hotelnido.com\/fr\/wp-json\/wp\/v2\/comments?post=16644"}],"version-history":[{"count":2,"href":"https:\/\/www.hotelnido.com\/fr\/wp-json\/wp\/v2\/pages\/16644\/revisions"}],"predecessor-version":[{"id":18241,"href":"https:\/\/www.hotelnido.com\/fr\/wp-json\/wp\/v2\/pages\/16644\/revisions\/18241"}],"wp:attachment":[{"href":"https:\/\/www.hotelnido.com\/fr\/wp-json\/wp\/v2\/media?parent=16644"}],"curies":[{"name":"wp","href":"https:\/\/api.w.org\/{rel}","templated":true}]}}