{"id":16710,"date":"2015-10-01T12:05:44","date_gmt":"2015-10-01T10:05:44","guid":{"rendered":"https:\/\/www.hotelnido.com\/?page_id=16710&#038;lang=fr"},"modified":"2023-07-20T13:12:55","modified_gmt":"2023-07-20T11:12:55","slug":"hotel","status":"publish","type":"page","link":"https:\/\/www.hotelnido.com\/fr\/hotel\/","title":{"rendered":"H\u00d4TEL"},"content":{"rendered":"<div class=\"wpb-content-wrapper\"><p>[vc_row padding_top=\u00a0\u00bb54&Prime;][vc_column][vc_column_text]<\/p>\n<h2 style=\"text-align: center;\">H\u00d4TEL IL NIDO<\/h2>\n<p>[\/vc_column_text][vc_separator type=\u00a0\u00bbsmall\u00a0\u00bb up=\u00a0\u00bb20&Prime; down=\u00a0\u00bb20&Prime;][vc_column_text]<\/p>\n<p style=\"text-align: center;\">Raffin\u00e9 et romantique il \u00e9cime dans une \u00e9paisse\u00a0 v\u00e9g\u00e9tation de pins maritimes et oliviers;\u00a0Plac\u00e9 dans une position charmante \u00e0 pic sur la mer de Fiascherino pr\u00e8s de Tellaro et\u00a0Lerici.<\/p>\n<p style=\"text-align: center;\">L&rsquo;h\u00f4tel se r\u00e9partit en deux structures: l&rsquo; \u00e9tablissement principal NIDO1 et le\u00a0 NIDO2.<\/p>\n<p style=\"text-align: center;\">Les deux structures sont s\u00e9par\u00e9es par la route qui parcourue pour 400 m\u00e8tres donne au centre historique de Tellaro.<\/p>\n<p>[\/vc_column_text][\/vc_column][\/vc_row][vc_row type=\u00a0\u00bbgrid\u00a0\u00bb anchor=\u00a0\u00bbportfolio\u00a0\u00bb background_color=\u00a0\u00bb#ffffff\u00a0\u00bb padding_top=\u00a0\u00bb90&Prime; padding_bottom=\u00a0\u00bb0&Prime;][vc_column width=\u00a0\u00bb1\/2&Prime;][vc_separator type=\u00a0\u00bbtransparent\u00a0\u00bb up=\u00a0\u00bb60&Prime; down=\u00a0\u00bb0&Prime;][vc_column_text]<\/p>\n<h5>L&rsquo;H\u00d4TEL<\/h5>\n<p>[\/vc_column_text][vc_separator type=\u00a0\u00bbsmall\u00a0\u00bb position=\u00a0\u00bbleft\u00a0\u00bb up=\u00a0\u00bb22&Prime; down=\u00a0\u00bb10&Prime;][vc_column_text]<\/p>\n<p>Tout confort, soins des particuliers et courtoisie sont les ingr\u00e9dients essentiels qui caracterisent l&rsquo;h\u00f4tel \u00ab\u00a0Il Nido\u00a0\u00bb,\u00a0situ\u00e9 dans une des zones les plus belles de la c\u00f4te D&rsquo;orient et pr\u00e8s des r\u00e9nomm\u00e9es \u00ab\u00a0Cinque terre\u00a0\u00bb.<\/p>\n<p>[\/vc_column_text][vc_separator type=\u00a0\u00bbtransparent\u00a0\u00bb up=\u00a0\u00bb5&Prime; down=\u00a0\u00bb16&Prime;][\/vc_column][vc_column width=\u00a0\u00bb1\/2&Prime;][vc_single_image image=\u00a0\u00bb16129&Prime; img_size=\u00a0\u00bbfull\u00a0\u00bb alignment=\u00a0\u00bbcenter\u00a0\u00bb qode_css_animation=\u00a0\u00bbelement_from_right\u00a0\u00bb transition_delay=\u00a0\u00bb0.4&Prime;][vc_separator type=\u00a0\u00bbtransparent\u00a0\u00bb up=\u00a0\u00bb89&Prime; down=\u00a0\u00bb0&Prime;][\/vc_column][\/vc_row][vc_row type=\u00a0\u00bbgrid\u00a0\u00bb anchor=\u00a0\u00bbportfolio\u00a0\u00bb background_color=\u00a0\u00bb#f1f1f1&Prime; padding_top=\u00a0\u00bb90&Prime; padding_bottom=\u00a0\u00bb0&Prime;][vc_column width=\u00a0\u00bb1\/2&Prime;][vc_single_image image=\u00a0\u00bb17896&Prime; img_size=\u00a0\u00bbfull\u00a0\u00bb alignment=\u00a0\u00bbcenter\u00a0\u00bb qode_css_animation=\u00a0\u00bbelement_from_right\u00a0\u00bb transition_delay=\u00a0\u00bb0.4&Prime;][vc_separator type=\u00a0\u00bbtransparent\u00a0\u00bb up=\u00a0\u00bb89&Prime; down=\u00a0\u00bb0&Prime;][\/vc_column][vc_column width=\u00a0\u00bb1\/2&Prime;][vc_separator type=\u00a0\u00bbtransparent\u00a0\u00bb up=\u00a0\u00bb60&Prime; down=\u00a0\u00bb0&Prime;][vc_column_text]<\/p>\n<h5 style=\"text-align: left;\">LES CHAMBRES<\/h5>\n<p>[\/vc_column_text][vc_separator type=\u00a0\u00bbsmall\u00a0\u00bb position=\u00a0\u00bbleft\u00a0\u00bb up=\u00a0\u00bb22&Prime; down=\u00a0\u00bb10&Prime;][vc_column_text]Toutes les chambres sont climatis\u00e9es et comprennent une t\u00e9l\u00e9vision par satellite \u00e0 \u00e9cran plat,\u00a0un petit r\u00e9frig\u00e9rateur, un s\u00e8che-cheuveux, un coffre-fort;\u00a0 Chacune dispose d&rsquo;une salle de bains\u00a0privative et certaines poss\u00e8dent une petite terrasse avec une vue panoramique sur le \u00a0\u00bb Golfo\u00a0dei poeti\u00a0\u00bb et \u00ab\u00a0Portovenere\u00a0\u00bb.<\/p>\n<p>Un parking priv\u00e9\u00a0 est disponible \u00e0 l&rsquo;\u00e9xt\u00e9rieur completement gratuit.[\/vc_column_text][vc_separator type=\u00a0\u00bbtransparent\u00a0\u00bb up=\u00a0\u00bb5&Prime; down=\u00a0\u00bb16&Prime;][\/vc_column][\/vc_row][vc_row type=\u00a0\u00bbgrid\u00a0\u00bb anchor=\u00a0\u00bbportfolio\u00a0\u00bb background_color=\u00a0\u00bb#ffffff\u00a0\u00bb padding_top=\u00a0\u00bb90&Prime; padding_bottom=\u00a0\u00bb90&Prime;][vc_column width=\u00a0\u00bb1\/2&Prime;][vc_separator type=\u00a0\u00bbtransparent\u00a0\u00bb up=\u00a0\u00bb60&Prime; down=\u00a0\u00bb0&Prime;][vc_column_text]<\/p>\n<h5>LA PLAGE PRIV\u00e9e<\/h5>\n<p>[\/vc_column_text][vc_separator type=\u00a0\u00bbsmall\u00a0\u00bb position=\u00a0\u00bbleft\u00a0\u00bb up=\u00a0\u00bb22&Prime; down=\u00a0\u00bb10&Prime;][vc_column_text]Les h\u00f4tels qui peuvent se vanter d&rsquo;avoir une plage priv\u00e9e sont rares car les \u00e9spaces sont confin\u00e9s et donc tr\u00e8s pr\u00e9cieux.<\/p>\n<p>C&rsquo;est au milieu des rochers que vous pourrez profiter d&rsquo;une mer propre et limpide, de paix et\u00a0tranquillit\u00e9 meme quand le reste de la c\u00f4te est envahi par les touristes.[\/vc_column_text][vc_separator type=\u00a0\u00bbtransparent\u00a0\u00bb up=\u00a0\u00bb5&Prime; down=\u00a0\u00bb16&Prime;][\/vc_column][vc_column width=\u00a0\u00bb1\/2&Prime;][vc_single_image image=\u00a0\u00bb16131&Prime; img_size=\u00a0\u00bbfull\u00a0\u00bb alignment=\u00a0\u00bbcenter\u00a0\u00bb qode_css_animation=\u00a0\u00bbelement_from_left\u00a0\u00bb transition_delay=\u00a0\u00bb0.2&Prime;][\/vc_column][\/vc_row][vc_row type=\u00a0\u00bbgrid\u00a0\u00bb anchor=\u00a0\u00bbportfolio\u00a0\u00bb background_color=\u00a0\u00bb#f1f1f1&Prime; padding_top=\u00a0\u00bb90&Prime; padding_bottom=\u00a0\u00bb90&Prime;][vc_column width=\u00a0\u00bb1\/2&Prime;][vc_single_image image=\u00a0\u00bb17900&Prime; img_size=\u00a0\u00bbfull\u00a0\u00bb alignment=\u00a0\u00bbcenter\u00a0\u00bb qode_css_animation=\u00a0\u00bbelement_from_left\u00a0\u00bb transition_delay=\u00a0\u00bb0.2&Prime;][\/vc_column][vc_column width=\u00a0\u00bb1\/2&Prime;][vc_separator type=\u00a0\u00bbtransparent\u00a0\u00bb up=\u00a0\u00bb60&Prime; down=\u00a0\u00bb0&Prime;][vc_column_text]<\/p>\n<h5 style=\"text-align: left;\">PETIT-D\u00e9JEUNER BUFFET INTERNATIONAL<\/h5>\n<p>[\/vc_column_text][vc_separator type=\u00a0\u00bbsmall\u00a0\u00bb position=\u00a0\u00bbleft\u00a0\u00bb up=\u00a0\u00bb22&Prime; down=\u00a0\u00bb10&Prime;][vc_column_text]Vous pourrez savourer un petit-d\u00e9jeuner buffet international tous les matins inclus dans le prix.<\/p>\n<p>Dans la grande salle caract\u00e9ris\u00e9es par des amples vitraux vous pourrez profiter sois d&rsquo;une\u00a0merveilleuse vue du \u00ab\u00a0Golfo dei Poeti\u00a0\u00bb sois d&rsquo;un riche buffet compos\u00e9 de boissons chaudes ou\u00a0fraiches , de fruits,de\u00a0 pain, de croissants, de diff\u00e9rents types de c\u00e9r\u00e9ales, de gateaux fait\u00a0maison, de biscottes, de confitures, de miel, de oeufs avec bacon, de saucisses, de sauces et\u00a0pat\u00e9s et de fromages et charcuteries.<\/p>\n<p>Vous trouverez aussi des produits biologique et des aliments pour coeliaque.<\/p>\n<p>Dans une salle juste \u00e0 cot\u00e9 vous pourrez regarder la t\u00e9l\u00e9vision par satellite ou lire un bon livre\u00a0che vous pourrez trouver dans notre petite librairie qui est \u00e0 votre disposition.[\/vc_column_text][vc_separator type=\u00a0\u00bbtransparent\u00a0\u00bb up=\u00a0\u00bb5&Prime; down=\u00a0\u00bb16&Prime;][\/vc_column][\/vc_row][vc_row type=\u00a0\u00bbgrid\u00a0\u00bb anchor=\u00a0\u00bbportfolio\u00a0\u00bb background_color=\u00a0\u00bb#ffffff\u00a0\u00bb padding_top=\u00a0\u00bb90&Prime; padding_bottom=\u00a0\u00bb90&Prime;][vc_column width=\u00a0\u00bb1\/2&Prime;][vc_separator type=\u00a0\u00bbtransparent\u00a0\u00bb up=\u00a0\u00bb60&Prime; down=\u00a0\u00bb0&Prime;][vc_column_text]<\/p>\n<h5 style=\"text-align: left;\">Beach bar<\/h5>\n<p>[\/vc_column_text][vc_separator type=\u00a0\u00bbsmall\u00a0\u00bb position=\u00a0\u00bbleft\u00a0\u00bb up=\u00a0\u00bb22&Prime; down=\u00a0\u00bb10&Prime;][vc_column_text]<\/p>\n<p>A\u00a0disposition de nos h\u00f4tes au-dessus de la plage priv\u00e9 vous trouverez\u00a0 notre beah bar couvert\u00a0par un toit de tonnelle et avec vue sur notre splendide baie o\u00f9 il est possible de savourer\u00a0diff\u00e9rents types de salades fraiches, focacce(pain assaisonn\u00e9 d&rsquo;huile et de sel)farcie, drink,\u00a0boissons fraiches, snakes rapides et pleins d&rsquo;autres choses.<\/p>\n<p>[\/vc_column_text][vc_separator type=\u00a0\u00bbtransparent\u00a0\u00bb up=\u00a0\u00bb5&Prime; down=\u00a0\u00bb16&Prime;][\/vc_column][vc_column width=\u00a0\u00bb1\/2&Prime;][vc_single_image image=\u00a0\u00bb16416&Prime; img_size=\u00a0\u00bbfull\u00a0\u00bb alignment=\u00a0\u00bbcenter\u00a0\u00bb qode_css_animation=\u00a0\u00bbelement_from_left\u00a0\u00bb transition_delay=\u00a0\u00bb0.2&Prime;][\/vc_column][\/vc_row][vc_row background_color=\u00a0\u00bb#ffffff\u00a0\u00bb padding_bottom=\u00a0\u00bb90&Prime; css=\u00a0\u00bb.vc_custom_1689770145542{background-color: #ffffff !important;}\u00a0\u00bb][vc_column][vc_column_text]<\/p>\n<p style=\"text-align: center;\">A\u00a0la r\u00e9ception vous pouvez acheter des produits de cosm\u00e9tologie typiques et des accessoires pour la plage.<\/p>\n<p>[\/vc_column_text][\/vc_column][\/vc_row][vc_row][vc_column][vc_gallery type=\u00a0\u00bbimage_grid\u00a0\u00bb images=\u00a0\u00bb17903,17907,17911,17915,17919,17923,17927,17931,17935,17939,17943,17947,17951,17955,17959,17963&Prime; img_size=\u00a0\u00bbfull\u00a0\u00bb column_number=\u00a0\u00bb4&Prime;][\/vc_column][\/vc_row]<\/p>\n<\/div>","protected":false},"excerpt":{"rendered":"<p>[vc_row padding_top=\u00a0\u00bb54&Prime;][vc_column][vc_column_text] H\u00d4TEL IL NIDO [\/vc_column_text][vc_separator type=\u00a0\u00bbsmall\u00a0\u00bb up=\u00a0\u00bb20&Prime; down=\u00a0\u00bb20&Prime;][vc_column_text] Raffin\u00e9 et romantique il \u00e9cime dans une \u00e9paisse\u00a0 v\u00e9g\u00e9tation de pins maritimes et oliviers;\u00a0Plac\u00e9 dans une position charmante \u00e0 pic sur la mer de Fiascherino pr\u00e8s de Tellaro et\u00a0Lerici. L&rsquo;h\u00f4tel se r\u00e9partit en deux structures: l&rsquo;&#8230;<\/p>\n","protected":false},"author":1,"featured_media":0,"parent":0,"menu_order":0,"comment_status":"open","ping_status":"open","template":"full_width.php","meta":{"_exactmetrics_skip_tracking":false,"_exactmetrics_sitenote_active":false,"_exactmetrics_sitenote_note":"","_exactmetrics_sitenote_category":0},"_links":{"self":[{"href":"https:\/\/www.hotelnido.com\/fr\/wp-json\/wp\/v2\/pages\/16710"}],"collection":[{"href":"https:\/\/www.hotelnido.com\/fr\/wp-json\/wp\/v2\/pages"}],"about":[{"href":"https:\/\/www.hotelnido.com\/fr\/wp-json\/wp\/v2\/types\/page"}],"author":[{"embeddable":true,"href":"https:\/\/www.hotelnido.com\/fr\/wp-json\/wp\/v2\/users\/1"}],"replies":[{"embeddable":true,"href":"https:\/\/www.hotelnido.com\/fr\/wp-json\/wp\/v2\/comments?post=16710"}],"version-history":[{"count":5,"href":"https:\/\/www.hotelnido.com\/fr\/wp-json\/wp\/v2\/pages\/16710\/revisions"}],"predecessor-version":[{"id":18172,"href":"https:\/\/www.hotelnido.com\/fr\/wp-json\/wp\/v2\/pages\/16710\/revisions\/18172"}],"wp:attachment":[{"href":"https:\/\/www.hotelnido.com\/fr\/wp-json\/wp\/v2\/media?parent=16710"}],"curies":[{"name":"wp","href":"https:\/\/api.w.org\/{rel}","templated":true}]}}