{"id":16718,"date":"2015-10-01T12:14:36","date_gmt":"2015-10-01T10:14:36","guid":{"rendered":"https:\/\/www.hotelnido.com\/?page_id=16718&#038;lang=fr"},"modified":"2019-10-02T11:15:44","modified_gmt":"2019-10-02T09:15:44","slug":"infos-utiles","status":"publish","type":"page","link":"https:\/\/www.hotelnido.com\/fr\/infos-utiles\/","title":{"rendered":"INFOS UTILES"},"content":{"rendered":"<div class=\"wpb-content-wrapper\"><p>[vc_row type=\u00a0\u00bbgrid\u00a0\u00bb padding_top=\u00a0\u00bb54&Prime;][vc_column][vc_column_text]<\/p>\n<h2 style=\"text-align: center;\">INFOS UTILES<\/h2>\n<p>[\/vc_column_text][vc_separator type=\u00a0\u00bbsmall\u00a0\u00bb up=\u00a0\u00bb20&Prime; down=\u00a0\u00bb20&Prime;][vc_column_text]<\/p>\n<h5>Arriv\u00e9e<\/h5>\n<p>De 14h00 \u00e0 22h00<\/p>\n<p>&nbsp;<\/p>\n<h5>D\u00e9part<\/h5>\n<p>De 08h00 \u00e0 10h00 la chambre doit etre laiss\u00e9e avant 10h00.<\/p>\n<p>&nbsp;<\/p>\n<h5>ENFANTS ET SUPPL\u00e9MENTS<\/h5>\n<p>Les plus petits sont les bienvenue.<br \/>\nLes enfants d&rsquo;ages inf\u00e9rieur \u00e0 2 ans ne paient pas! GRATUIT! (s&rsquo;ils dorment dans les lits pr\u00e9sents).<br \/>\nLes enfants d&rsquo;ages inf\u00e9rieur \u00e0 4 ans paient 10 euros par jours (en dorment dans un petit lit ou un berceau).<br \/>\nLe num\u00e9ro autoris\u00e9 de berceux est 1.<br \/>\nLes suppl\u00e9ments ne sont pas inclus dans le montant total mais doivent \u00eatre pay\u00e9s s\u00e9par\u00e9ment pendant le s\u00e9jour.<\/p>\n<p>&nbsp;<\/p>\n<h5>ANIMAUX<\/h5>\n<p>Les animaux ne sont pas admis.<\/p>\n<p>&nbsp;<\/p>\n<h5>A SAVOIR<\/h5>\n<p>Meilleur tarif internet disponible<br \/>\npendant le s\u00e9jour le petit-d\u00e9jeuner est inclus<br \/>\nWi-Fi GRATUiT dans tout l&rsquo;\u00e9tablissement<br \/>\nparking \u00e0 l&rsquo;ext\u00e9rieur GRATUIT<br \/>\nLes serviettes de la plage sont disponibles de Juin \u00e0 Septembre.Ils doivent \u00eatre retourn\u00e9s \u00e0 l&rsquo;heure de d\u00e9part, \u00e0 10 heures.<\/p>\n<p>&nbsp;<\/p>\n<h5>ANNULATION\/PR\u00e9PAIEMENT<\/h5>\n<p>Notre \u201cCancellation Policy\u201d pr\u00e9voie que les annulations ou les changements de programme ils doit \u00eatre communiquez 3 jours avant l\u2019arriv\u00e9e. D\u00e9 puis cet temps il vous sera d\u00e9bitez le montant total du s\u00e9jour. En cas de ne se pr\u00e9sentent pas, il sera d\u00e9bit\u00e9 la totalit\u00e9 du montant[\/vc_column_text][\/vc_column][\/vc_row][vc_row background_color=\u00a0\u00bb#ffffff\u00a0\u00bb][vc_column][vc_separator type=\u00a0\u00bbfull_width\u00a0\u00bb up=\u00a0\u00bb19&Prime; down=\u00a0\u00bb71&Prime;][\/vc_column][\/vc_row]<\/p>\n<\/div>","protected":false},"excerpt":{"rendered":"<p>[vc_row type=\u00a0\u00bbgrid\u00a0\u00bb padding_top=\u00a0\u00bb54&Prime;][vc_column][vc_column_text] INFOS UTILES [\/vc_column_text][vc_separator type=\u00a0\u00bbsmall\u00a0\u00bb up=\u00a0\u00bb20&Prime; down=\u00a0\u00bb20&Prime;][vc_column_text] Arriv\u00e9e De 14h00 \u00e0 22h00 &nbsp; D\u00e9part De 08h00 \u00e0 10h00 la chambre doit etre laiss\u00e9e avant 10h00. &nbsp; ENFANTS ET SUPPL\u00e9MENTS Les plus petits sont les bienvenue. Les enfants d&rsquo;ages inf\u00e9rieur \u00e0 2 ans ne&#8230;<\/p>\n","protected":false},"author":1,"featured_media":0,"parent":0,"menu_order":0,"comment_status":"open","ping_status":"closed","template":"full_width.php","meta":{"_exactmetrics_skip_tracking":false,"_exactmetrics_sitenote_active":false,"_exactmetrics_sitenote_note":"","_exactmetrics_sitenote_category":0},"_links":{"self":[{"href":"https:\/\/www.hotelnido.com\/fr\/wp-json\/wp\/v2\/pages\/16718"}],"collection":[{"href":"https:\/\/www.hotelnido.com\/fr\/wp-json\/wp\/v2\/pages"}],"about":[{"href":"https:\/\/www.hotelnido.com\/fr\/wp-json\/wp\/v2\/types\/page"}],"author":[{"embeddable":true,"href":"https:\/\/www.hotelnido.com\/fr\/wp-json\/wp\/v2\/users\/1"}],"replies":[{"embeddable":true,"href":"https:\/\/www.hotelnido.com\/fr\/wp-json\/wp\/v2\/comments?post=16718"}],"version-history":[{"count":6,"href":"https:\/\/www.hotelnido.com\/fr\/wp-json\/wp\/v2\/pages\/16718\/revisions"}],"predecessor-version":[{"id":17335,"href":"https:\/\/www.hotelnido.com\/fr\/wp-json\/wp\/v2\/pages\/16718\/revisions\/17335"}],"wp:attachment":[{"href":"https:\/\/www.hotelnido.com\/fr\/wp-json\/wp\/v2\/media?parent=16718"}],"curies":[{"name":"wp","href":"https:\/\/api.w.org\/{rel}","templated":true}]}}